{"id":10004,"date":"2021-05-19T08:29:57","date_gmt":"2021-05-19T08:29:57","guid":{"rendered":"https:\/\/casamortero.com\/?page_id=10004"},"modified":"2022-01-14T17:59:40","modified_gmt":"2022-01-14T17:59:40","slug":"menu-francais","status":"publish","type":"page","link":"https:\/\/casamortero.com\/en\/menu-francais\/","title":{"rendered":"Menu &#8211; FR"},"content":{"rendered":"<div class=\"wpb-content-wrapper\"><div class=\"vc_row wpb_row vc_row-fluid vc_custom_1599395904786 vc_row-has-fill\" data-lang=\"English\"><div class=\"wpb_column vc_column_container vc_col-sm-12\"><div class=\"vc_column-inner\"><div class=\"wpb_wrapper\"><h1 style=\"font-size: 32px;color: #303030;text-align: left;font-family:Roboto Condensed;font-weight:300;font-style:normal\" class=\"vc_custom_heading vc_do_custom_heading\" >Entr\u00e9es<\/h1><div class=\"vc_separator wpb_content_element vc_separator_align_center vc_sep_width_100 vc_sep_pos_align_left vc_separator_no_text wpb_content_element  wpb_content_element\" ><span class=\"vc_sep_holder vc_sep_holder_l\"><span style=\"border-color:#efece1;\" class=\"vc_sep_line\"><\/span><\/span><span class=\"vc_sep_holder vc_sep_holder_r\"><span style=\"border-color:#efece1;\" class=\"vc_sep_line\"><\/span><\/span>\n<\/div>\n\t<div class=\"wpb_text_column wpb_content_element\" >\n\t\t<div class=\"wpb_wrapper\">\n\t\t\t<p><span style=\"font-weight: 400;\">Service de pain avec huile d&#8217;olive&#8230;. 2,50\u20ac par personne\u00a0\u00a0<\/span><\/p>\n\n\t\t<\/div>\n\t<\/div>\n<div class=\"vc_row wpb_row vc_inner vc_row-fluid\"><div class=\"wpb_column vc_column_container vc_col-sm-4 vc_col-sm-offset-0\"><div class=\"vc_column-inner\"><div class=\"wpb_wrapper\">\n\t<div class=\"wpb_text_column wpb_content_element\" >\n\t\t<div class=\"wpb_wrapper\">\n\t\t\t<p><strong>Croquettes cr\u00e9meuses&#8230;&#8230; <\/strong>12\u20ac<br \/>\n<span style=\"font-weight: 400; color: #808080;\">De jambon 100% pur ib\u00e9rique<\/span><br \/>\ndemi-portion&#8230;&#8230; 8\u20ac<br \/>\n<span style=\"color: #800000;\"><em>(Lactose, oeufs, Gluten)<\/em><\/span><\/p>\n<p><strong>Steak tartar&#8230;&#8230; <\/strong>22\u20ac<br \/>\n<span style=\"color: #808080;\"><span style=\"font-weight: 400;\">Servi avec jus de poivron grill\u00e9<\/span><\/span><br \/>\n<span style=\"color: #800000;\"><em>(gluten, sulfites, poisson, moutard, oeufs)<\/em><\/span><\/p>\n\n\t\t<\/div>\n\t<\/div>\n<\/div><\/div><\/div><div class=\"wpb_column vc_column_container vc_col-sm-4\"><div class=\"vc_column-inner\"><div class=\"wpb_wrapper\">\n\t<div class=\"wpb_text_column wpb_content_element\" >\n\t\t<div class=\"wpb_wrapper\">\n\t\t\t<p><strong>Torrezno&#8230;&#8230; <\/strong>12\u20ac<br \/>\n<span style=\"color: #808080;\"><span style=\"font-weight: 400;\">Lard frit et grill\u00e9, servi avec des pommes de terre <i>m\u00e9n\u00e9as <\/i>ou brouill\u00e9es, sauce paprika.<\/span><\/span><br \/>\n<span style=\"color: #800000;\"><em>(no allergens)<\/em><\/span><\/p>\n\n\t\t<\/div>\n\t<\/div>\n\n\t<div class=\"wpb_text_column wpb_content_element\" >\n\t\t<div class=\"wpb_wrapper\">\n\t\t\t<p><strong>Salade de poivrons grill\u00e9s&#8230;&#8230;<\/strong> 14\u20ac<br \/>\n<span style=\"font-weight: 400; color: #808080;\">accompagn\u00e9 de morue sal\u00e9e, amandes et oignons nouveaux<\/span><br \/>\n<span style=\"color: #800000;\"><em>(poisson, fruits secs, sulfites)<\/em><\/span><\/p>\n\n\t\t<\/div>\n\t<\/div>\n<\/div><\/div><\/div><div class=\"wpb_column vc_column_container vc_col-sm-4\"><div class=\"vc_column-inner\"><div class=\"wpb_wrapper\"><\/div><\/div><\/div><\/div><div class=\"vc_empty_space\"   style=\"height: 48px\"><span class=\"vc_empty_space_inner\"><\/span><\/div><h1 style=\"font-size: 32px;color: #303030;text-align: left;font-family:Roboto Condensed;font-weight:300;font-style:normal\" class=\"vc_custom_heading vc_do_custom_heading\" >Marinades<\/h1><div class=\"vc_separator wpb_content_element vc_separator_align_center vc_sep_width_100 vc_sep_pos_align_left vc_separator_no_text wpb_content_element  wpb_content_element\" ><span class=\"vc_sep_holder vc_sep_holder_l\"><span style=\"border-color:#efece1;\" class=\"vc_sep_line\"><\/span><\/span><span class=\"vc_sep_holder vc_sep_holder_r\"><span style=\"border-color:#efece1;\" class=\"vc_sep_line\"><\/span><\/span>\n<\/div><div class=\"vc_row wpb_row vc_inner vc_row-fluid\"><div class=\"wpb_column vc_column_container vc_col-sm-4 vc_col-sm-offset-0\"><div class=\"vc_column-inner\"><div class=\"wpb_wrapper\">\n\t<div class=\"wpb_text_column wpb_content_element\" >\n\t\t<div class=\"wpb_wrapper\">\n\t\t\t<p><strong>Moules marin\u00e9es&#8230;&#8230; <\/strong>9\u20ac<br \/>\n<span style=\"font-weight: 400; color: #808080;\">marinade maison et petits l\u00e9gumes<\/span><br \/>\n<span style=\"color: #800000;\"><em>(mollusques, sulfites)<\/em><\/span><\/p>\n\n\t\t<\/div>\n\t<\/div>\n<\/div><\/div><\/div><div class=\"wpb_column vc_column_container vc_col-sm-4\"><div class=\"vc_column-inner\"><div class=\"wpb_wrapper\">\n\t<div class=\"wpb_text_column wpb_content_element\" >\n\t\t<div class=\"wpb_wrapper\">\n\t\t\t<p><strong>Poularde en marinade&#8230;&#8230;<\/strong> 14\u20ac<br \/>\n<span style=\"font-weight: 400; color: #808080;\">sur sucrine brais\u00e9e et noix<\/span><br \/>\n<em><span style=\"font-weight: 400; color: #808080;\">Unit\u00e9\u2026 5\u20ac<\/span><\/em><br \/>\n<span style=\"color: #800000;\"><em>(sulfites, fruits \u00e0 coque*)<\/em><\/span><\/p>\n\n\t\t<\/div>\n\t<\/div>\n<\/div><\/div><\/div><div class=\"wpb_column vc_column_container vc_col-sm-4\"><div class=\"vc_column-inner\"><div class=\"wpb_wrapper\">\n\t<div class=\"wpb_text_column wpb_content_element\" >\n\t\t<div class=\"wpb_wrapper\">\n\t\t\t<p><strong>Salade de tomates de saison&#8230;&#8230; <\/strong>12\u20ac<br \/>\n<span style=\"color: #808080;\"><span style=\"font-weight: 400;\">accompagn\u00e9e de maquereau <\/span><span style=\"font-weight: 400;\">sauce escab\u00e8che <\/span><span style=\"font-weight: 400;\">et carottes marin\u00e9es<\/span><\/span><br \/>\n<span style=\"color: #738c38;\"><em>option v\u00e9g\u00e9tarienne<\/em><\/span><br \/>\n<span style=\"color: #800000;\"><em>(poisson, sulfites, gluten)<\/em><\/span><\/p>\n\n\t\t<\/div>\n\t<\/div>\n<\/div><\/div><\/div><\/div><h1 style=\"font-size: 32px;color: #303030;text-align: left;font-family:Roboto Condensed;font-weight:300;font-style:normal\" class=\"vc_custom_heading vc_do_custom_heading\" >Rago\u00fbts<\/h1><div class=\"vc_separator wpb_content_element vc_separator_align_center vc_sep_width_100 vc_sep_pos_align_left vc_separator_no_text wpb_content_element  wpb_content_element\" ><span class=\"vc_sep_holder vc_sep_holder_l\"><span style=\"border-color:#efece1;\" class=\"vc_sep_line\"><\/span><\/span><span class=\"vc_sep_holder vc_sep_holder_r\"><span style=\"border-color:#efece1;\" class=\"vc_sep_line\"><\/span><\/span>\n<\/div><div class=\"vc_row wpb_row vc_inner vc_row-fluid\"><div class=\"wpb_column vc_column_container vc_col-sm-4\"><div class=\"vc_column-inner\"><div class=\"wpb_wrapper\">\n\t<div class=\"wpb_text_column wpb_content_element\" >\n\t\t<div class=\"wpb_wrapper\">\n\t\t\t<p><strong>Tripes \u00e0 la madril\u00e8ne&#8230;&#8230; <\/strong>16\u20ac<br \/>\n<span style=\"font-weight: 400; color: #808080;\">pieds boeuf, museau et viande de boeuf s\u00e9ch\u00e9<\/span><br \/>\n<span style=\"color: #800000;\"><em>(sulfites)<\/em><\/span><\/p>\n<p><strong>Haricots rouge de\u00a0 Tolosa&#8230;&#8230;<\/strong> 19\u20ac<br \/>\n<span style=\"font-weight: 400; color: #808080;\"><span style=\"color: #808080;\"><span style=\"font-weight: 400;\">servi avec &#8220;cabezada&#8221; un coupe exquise de porc ib\u00e9rique et oreille croustillante<\/span><\/span><\/span><br \/>\n<span style=\"color: #800000;\"><em>(sulfites, poison)<\/em><\/span><\/p>\n<p><strong>Riz au canard&#8230;&#8230; <\/strong>20\u20ac<br \/>\n<span style=\"font-weight: 400; color: #808080;\">plat de riz au canard, artichauts, torta del casar (fromage artisanal originaire de C\u00e1ceres) et peaux de poulet croustillantes<\/span><br \/>\n<span style=\"color: #800000;\"><em>(lactose, sulfites)<\/em><\/span><\/p>\n\n\t\t<\/div>\n\t<\/div>\n<\/div><\/div><\/div><div class=\"wpb_column vc_column_container vc_col-sm-4\"><div class=\"vc_column-inner\"><div class=\"wpb_wrapper\">\n\t<div class=\"wpb_text_column wpb_content_element\" >\n\t\t<div class=\"wpb_wrapper\">\n\t\t\t<p><strong>Boulettes de b\u0153uf&#8230;&#8230; <\/strong>19\u20ac<br \/>\n<span style=\"font-weight: 400; color: #808080;\">servi avec sa sauce ib\u00e9rique et piparras frits (petits piments basques)<\/span><br \/>\n<span style=\"color: #800000;\"><em>(\u0153uf, gluten, sulfites, fruits \u00e0 coque)<\/em><\/span><\/p>\n<p><strong>Pommes de terre a \u201cla importancia\u201d&#8230;&#8230; <\/strong>17\u20ac<br \/>\n<span style=\"font-weight: 400; color: #808080;\">accompagn\u00e9es de kokotxas de morue, \u0153uf frit et joue de porc sal\u00e9e<\/span><br \/>\n<span style=\"color: #800000;\"><em>(gluten, poisson, sulfites)<\/em><\/span><\/p>\n\n\t\t<\/div>\n\t<\/div>\n<\/div><\/div><\/div><div class=\"wpb_column vc_column_container vc_col-sm-4\"><div class=\"vc_column-inner\"><div class=\"wpb_wrapper\">\n\t<div class=\"wpb_text_column wpb_content_element\" >\n\t\t<div class=\"wpb_wrapper\">\n\t\t\t<p><strong>Haricots blancs&#8230;.. <\/strong>21\u20ac<br \/>\n<span style=\"font-weight: 400; color: #808080;\">avec artichaut frit<\/span><br \/>\n<span style=\"color: #800000;\"><em>(mollusques, sulfites, lactose)<\/em><\/span><\/p>\n<p><strong>Moules de Tib\u00e9riade en cocotte&#8230;&#8230; <\/strong>16\u20ac<br \/>\n<span style=\"font-weight: 400; color: #808080;\">Sauce l\u00e9g\u00e8rement \u00e9pic\u00e9e et fines herbes<\/span><br \/>\n<span style=\"color: #800000;\"><em>(mollusques, crustac\u00e9s, sulfites)<\/em><\/span><\/p>\n\n\t\t<\/div>\n\t<\/div>\n<\/div><\/div><\/div><\/div><div class=\"vc_empty_space\"   style=\"height: 48px\"><span class=\"vc_empty_space_inner\"><\/span><\/div><h1 style=\"font-size: 32px;color: #303030;text-align: left;font-family:Roboto Condensed;font-weight:300;font-style:normal\" class=\"vc_custom_heading vc_do_custom_heading\" >Viandes et poissons brais\u00e9s<\/h1><div class=\"vc_separator wpb_content_element vc_separator_align_center vc_sep_width_100 vc_sep_pos_align_left vc_separator_no_text wpb_content_element  wpb_content_element\" ><span class=\"vc_sep_holder vc_sep_holder_l\"><span style=\"border-color:#efece1;\" class=\"vc_sep_line\"><\/span><\/span><span class=\"vc_sep_holder vc_sep_holder_r\"><span style=\"border-color:#efece1;\" class=\"vc_sep_line\"><\/span><\/span>\n<\/div><div class=\"vc_row wpb_row vc_inner vc_row-fluid\"><div class=\"wpb_column vc_column_container vc_col-sm-4\"><div class=\"vc_column-inner\"><div class=\"wpb_wrapper\">\n\t<div class=\"wpb_text_column wpb_content_element\" >\n\t\t<div class=\"wpb_wrapper\">\n\t\t\t<p><strong>Ris de veau&#8230;&#8230;. <\/strong>19\u20ac<br \/>\n<span style=\"font-weight: 400; color: #808080;\">accompagn\u00e9 de cr\u00e8me de ma\u00efs, chou marin\u00e9 et jus de coing<\/span><br \/>\n<span style=\"color: #800000;\"><em>(sulfites, poisson*, soja*, gluten*, s\u00e9same*, lactose*)<\/em><\/span><\/p>\n<p><strong>Morue grill\u00e9&#8230;&#8230;. <\/strong>21\u20ac<br \/>\n<span style=\"font-weight: 400; color: #808080;\">servie avec &#8220;pisto manchego&#8221; (une sauce aux l\u00e9gumes) et\u00a0 &#8220;salsa vizca\u00edna&#8221; (sauce aux poivrons et oignons)<\/span><br \/>\n<span style=\"color: #800000;\"><em>(sulfites, poisson)<\/em><\/span><\/p>\n\n\t\t<\/div>\n\t<\/div>\n<\/div><\/div><\/div><div class=\"wpb_column vc_column_container vc_col-sm-4\"><div class=\"vc_column-inner\"><div class=\"wpb_wrapper\">\n\t<div class=\"wpb_text_column wpb_content_element\" >\n\t\t<div class=\"wpb_wrapper\">\n\t\t\t<p><strong>Brochettes de porc (100% ib\u00e9rique)&#8230;&#8230; <\/strong>17\u20ac<strong><br \/>\n<span style=\"font-weight: 400; color: #808080;\">accompagn\u00e9e de chou kale et mojo rojo (sauce typique des \u00eeles Canaries \u00e0 base de poivron rouge)<\/span><\/strong><br \/>\ndemi-portion&#8230;&#8230; 9\u20ac<br \/>\n<span style=\"color: #800000;\"><em>(sulfites)<\/em><\/span><\/p>\n<p><strong>Espeto de sardines brais\u00e9es&#8230;&#8230; <\/strong>16\u20ac<br \/>\n<span style=\"font-weight: 400; color: #808080;\">avec poivrons piquillo r\u00f4tis et vinaigrette \u00e9pic\u00e9e<\/span><br \/>\n<span style=\"color: #800000;\"><em>(poisson, gluten, sulfites)<\/em><\/span><\/p>\n\n\t\t<\/div>\n\t<\/div>\n<\/div><\/div><\/div><div class=\"wpb_column vc_column_container vc_col-sm-4\"><div class=\"vc_column-inner\"><div class=\"wpb_wrapper\">\n\t<div class=\"wpb_text_column wpb_content_element\" >\n\t\t<div class=\"wpb_wrapper\">\n\t\t\t<p><strong>Filet de b\u0153uf ancien&#8230;&#8230; <\/strong>29\u20ac<br \/>\n<span style=\"font-weight: 400; color: #808080;\">400g de viande matur\u00e9e 30 jours<\/span><\/p>\n\n\t\t<\/div>\n\t<\/div>\n<\/div><\/div><\/div><\/div><div class=\"vc_empty_space\"   style=\"height: 48px\"><span class=\"vc_empty_space_inner\"><\/span><\/div><h1 style=\"font-size: 32px;color: #303030;text-align: left;font-family:Roboto Condensed;font-weight:300;font-style:normal\" class=\"vc_custom_heading vc_do_custom_heading\" >Desserts<\/h1><div class=\"vc_separator wpb_content_element vc_separator_align_center vc_sep_width_100 vc_sep_pos_align_left vc_separator_no_text wpb_content_element  wpb_content_element\" ><span class=\"vc_sep_holder vc_sep_holder_l\"><span style=\"border-color:#efece1;\" class=\"vc_sep_line\"><\/span><\/span><span class=\"vc_sep_holder vc_sep_holder_r\"><span style=\"border-color:#efece1;\" class=\"vc_sep_line\"><\/span><\/span>\n<\/div><div class=\"vc_row wpb_row vc_inner vc_row-fluid\"><div class=\"wpb_column vc_column_container vc_col-sm-4\"><div class=\"vc_column-inner\"><div class=\"wpb_wrapper\">\n\t<div class=\"wpb_text_column wpb_content_element\" >\n\t\t<div class=\"wpb_wrapper\">\n\t\t\t<p><strong>Cheesecake &#8230;&#8230; <\/strong>7\u20ac<br \/>\n<span style=\"font-weight: 400; color: #808080;\">servi avec une boule de glace au caramel<\/span><br \/>\n<span style=\"color: #800000;\"><em>(gluten, \u0153uf, lactose, noix, soja)<\/em><\/span><\/p>\n\n\t\t<\/div>\n\t<\/div>\n\n\t<div class=\"wpb_text_column wpb_content_element\" >\n\t\t<div class=\"wpb_wrapper\">\n\t\t\t<p><strong>Plateau de fromages&#8230;&#8230;. <\/strong>10\u20ac<br \/>\n<span style=\"font-weight: 400; color: #808080;\"> artisanaux espagnols<\/span><br \/>\n<span style=\"color: #800000;\"><em>(lactose, fruits \u00e0 coque*, gluten*)<\/em><\/span><\/p>\n\n\t\t<\/div>\n\t<\/div>\n<\/div><\/div><\/div><div class=\"wpb_column vc_column_container vc_col-sm-4\"><div class=\"vc_column-inner\"><div class=\"wpb_wrapper\">\n\t<div class=\"wpb_text_column wpb_content_element\" >\n\t\t<div class=\"wpb_wrapper\">\n\t\t\t<p><strong><b>Flan au lait grill\u00e9 <\/b>&#8230;&#8230;<\/strong> 7\u20ac<br \/>\n<span style=\"font-weight: 400; color: #808080;\">\u00e0 l&#8217;huile d&#8217;olive extra vierge<br \/>\n<span style=\"color: #800000;\"><em>(\u0153uf, lactose)<\/em><\/span><\/span><\/p>\n\n\t\t<\/div>\n\t<\/div>\n<\/div><\/div><\/div><div class=\"wpb_column vc_column_container vc_col-sm-4\"><div class=\"vc_column-inner\"><div class=\"wpb_wrapper\">\n\t<div class=\"wpb_text_column wpb_content_element\" >\n\t\t<div class=\"wpb_wrapper\">\n\t\t\t<p><strong>M\u00fbres et framboises&#8230;&#8230; <\/strong>7\u20ac<br \/>\n<span style=\"font-weight: 400; color: #808080;\">accompagn\u00e9es d\u2019une boule de glace au yaourt et sa soupe froide au citron, thym et menthe<\/span><br \/>\n<span style=\"color: #800000;\"><em>(lactose)<\/em><\/span><\/p>\n\n\t\t<\/div>\n\t<\/div>\n<\/div><\/div><\/div><\/div>\n\t<div class=\"wpb_text_column wpb_content_element vc_custom_1617699844860\" >\n\t\t<div class=\"wpb_wrapper\">\n\t\t\t<p><span style=\"color: #800000;\"><em>*Ces allerg\u00e8nes sont uniquement pr\u00e9sents dans la sauce ou la garniture, et non dans le plat principal.<\/em><\/span><\/p>\n\n\t\t<\/div>\n\t<\/div>\n<div class=\"vc_empty_space\"   style=\"height: 100px\"><span class=\"vc_empty_space_inner\"><\/span><\/div><\/div><\/div><\/div><\/div><div class=\"vc_row wpb_row vc_row-fluid\" data-lang=\"English\"><div class=\"wpb_column vc_column_container vc_col-sm-12\"><div class=\"vc_column-inner\"><div class=\"wpb_wrapper\">\n\t<div class=\"wpb_text_column wpb_content_element\" >\n\t\t<div class=\"wpb_wrapper\">\n\t\t\t\n\t\t<\/div>\n\t<\/div>\n<\/div><\/div><\/div><\/div>\n<\/div>","protected":false},"excerpt":{"rendered":"Entr\u00e9es Service de pain avec huile d'olive.... 2,50\u20ac par personne\u00a0\u00a0 Croquettes cr\u00e9meuses...... 12\u20ac De jambon 100% pur ib\u00e9rique demi-portion...... 8\u20ac (Lactose, oeufs, Gluten) Steak&hellip;\n <p> <a class=\"more-link\" href=\"https:\/\/casamortero.com\/en\/menu-francais\/\">Read more<\/a><\/p>","protected":false},"author":1,"featured_media":0,"parent":0,"menu_order":0,"comment_status":"closed","ping_status":"closed","template":"","meta":{"footnotes":""},"class_list":["post-10004","page","type-page","status-publish"],"_links":{"self":[{"href":"https:\/\/casamortero.com\/en\/wp-json\/wp\/v2\/pages\/10004"}],"collection":[{"href":"https:\/\/casamortero.com\/en\/wp-json\/wp\/v2\/pages"}],"about":[{"href":"https:\/\/casamortero.com\/en\/wp-json\/wp\/v2\/types\/page"}],"author":[{"embeddable":true,"href":"https:\/\/casamortero.com\/en\/wp-json\/wp\/v2\/users\/1"}],"replies":[{"embeddable":true,"href":"https:\/\/casamortero.com\/en\/wp-json\/wp\/v2\/comments?post=10004"}],"version-history":[{"count":19,"href":"https:\/\/casamortero.com\/en\/wp-json\/wp\/v2\/pages\/10004\/revisions"}],"predecessor-version":[{"id":10335,"href":"https:\/\/casamortero.com\/en\/wp-json\/wp\/v2\/pages\/10004\/revisions\/10335"}],"wp:attachment":[{"href":"https:\/\/casamortero.com\/en\/wp-json\/wp\/v2\/media?parent=10004"}],"curies":[{"name":"wp","href":"https:\/\/api.w.org\/{rel}","templated":true}]}}