{"id":10283,"date":"2021-12-29T13:11:55","date_gmt":"2021-12-29T13:11:55","guid":{"rendered":"https:\/\/casamortero.com\/?page_id=10283"},"modified":"2025-10-15T11:27:14","modified_gmt":"2025-10-15T11:27:14","slug":"trabajo-hosteleria-casamortero","status":"publish","type":"page","link":"https:\/\/casamortero.com\/en\/trabajo-hosteleria-casamortero\/","title":{"rendered":"Trabaja con nosotros"},"content":{"rendered":"<div class=\"wpb-content-wrapper\"><div class=\"vc_row wpb_row vc_row-fluid vc_custom_1760527502281\" data-lang=\"English\"><div class=\"wpb_column vc_column_container vc_col-sm-12\"><div class=\"vc_column-inner\"><div class=\"wpb_wrapper\"><div class=\"vc_separator wpb_content_element vc_separator_align_left vc_sep_width_100 vc_sep_pos_align_right vc_sep_color_grey wpb_content_element vc_separator-has-text\" ><span class=\"vc_sep_holder vc_sep_holder_l\"><span class=\"vc_sep_line\"><\/span><\/span><h4>Empleos en Casa Mortero<\/h4><span class=\"vc_sep_holder vc_sep_holder_r\"><span class=\"vc_sep_line\"><\/span><\/span>\n<\/div><div  class=\"vc_do_toggle vc_toggle vc_toggle_default vc_toggle_color_default  vc_toggle_size_md\"><div class=\"vc_toggle_title\"><h1 style=\"text-align: left;font-family:ABeeZee;font-weight:400;font-style:normal\" class=\"vc_custom_heading vc_do_custom_heading\" >Jefe de partida<\/h1><i class=\"vc_toggle_icon\"><\/i><\/div><div class=\"vc_toggle_content\"><p>Buscamos un\/a <strong>jefe\/a de partida <\/strong>para unirse nuestro equipo de cocina de Casa Mortero, un restaurante &#8220;Recomendado&#8221; por la Gu\u00eda Michel\u00edn y &#8220;Recomendado&#8221; por la Gu\u00eda Repsol.<\/p>\n<p>Requisitos indispensables:<\/p>\n<ul>\n<li>Haber trabajado en <strong>restaurantes de alto volumen de trabajo y gastron\u00f3micos.<\/strong><\/li>\n<li><strong>3 a\u00f1os de experiencia<\/strong> como jefe de partida en restaurantes de alto nivel gastron\u00f3mico.<\/li>\n<li>Buscamos a<strong> una persona que quiera formar parte durante largo tiempo de este proyecto<\/strong> y que tenga compromiso y respeto por el resto del equipo.<\/li>\n<\/ul>\n<\/div><\/div><div class=\"vc_btn3-container vc_btn3-inline vc_do_btn\" ><a class=\"vc_general vc_btn3 vc_btn3-size-md vc_btn3-shape-rounded vc_btn3-style-modern vc_btn3-color-primary\" href=\"https:\/\/jobtoday.com\/es\/trabajo\/camarero-a-jefe-de-rango-gbK5lB\" title=\"Ver oferta de empleo\">Ver oferta completa<\/a><\/div><div class=\"vc_separator wpb_content_element vc_separator_align_center vc_sep_width_100 vc_sep_pos_align_left vc_separator_no_text vc_sep_color_grey wpb_content_element  wpb_content_element\" ><span class=\"vc_sep_holder vc_sep_holder_l\"><span class=\"vc_sep_line\"><\/span><\/span><span class=\"vc_sep_holder vc_sep_holder_r\"><span class=\"vc_sep_line\"><\/span><\/span>\n<\/div>\n\t<div class=\"wpb_text_column wpb_content_element\" >\n\t\t<div class=\"wpb_wrapper\">\n\t\t\t<h4>If there are no open positions that interest you but you would like to work with us, you can always send your CV <strong><span style=\"color: #993366;\">rrhh@casamortero.com<\/span><\/strong> telling us what you would like to work on and your professional experience.<\/h4>\n\n\t\t<\/div>\n\t<\/div>\n<\/div><\/div><\/div><\/div><div class=\"vc_row wpb_row vc_row-fluid vc_custom_1760527376538 vc_row-has-fill\" data-lang=\"English\"><div class=\"wpb_column vc_column_container vc_col-sm-12\"><div class=\"vc_column-inner\"><div class=\"wpb_wrapper\">\n\t<div  class=\"wpb_single_image wpb_content_element vc_align_left wpb_content_element\">\n\t\t\n\t\t<figure class=\"wpb_wrapper vc_figure\">\n\t\t\t<div class=\"vc_single_image-wrapper   vc_box_border_grey\"><img loading=\"lazy\" decoding=\"async\" width=\"2560\" height=\"1706\" src=\"https:\/\/casamortero.com\/wp-content\/uploads\/DSCF7355-scaled.jpg\" class=\"vc_single_image-img attachment-full\" alt=\"\" title=\"DSCF7355\" srcset=\"https:\/\/casamortero.com\/wp-content\/uploads\/DSCF7355-scaled.jpg 2560w, https:\/\/casamortero.com\/wp-content\/uploads\/DSCF7355-300x200.jpg 300w, https:\/\/casamortero.com\/wp-content\/uploads\/DSCF7355-1024x683.jpg 1024w, https:\/\/casamortero.com\/wp-content\/uploads\/DSCF7355-768x512.jpg 768w, https:\/\/casamortero.com\/wp-content\/uploads\/DSCF7355-1536x1024.jpg 1536w, https:\/\/casamortero.com\/wp-content\/uploads\/DSCF7355-2048x1365.jpg 2048w, https:\/\/casamortero.com\/wp-content\/uploads\/DSCF7355-18x12.jpg 18w\" sizes=\"(max-width: 2560px) 100vw, 2560px\" \/><\/div>\n\t\t<\/figure>\n\t<\/div>\n<div class=\"vc_empty_space\"   style=\"height: 32px\"><span class=\"vc_empty_space_inner\"><\/span><\/div><\/div><\/div><\/div><\/div>\n<\/div>","protected":false},"excerpt":{"rendered":"Empleos en Casa Mortero Jefe de partidaBuscamos un\/a jefe\/a de partida para unirse nuestro equipo de cocina de Casa Mortero, un restaurante &#8220;Recomendado&#8221; por&hellip;\n <p> <a class=\"more-link\" href=\"https:\/\/casamortero.com\/en\/trabajo-hosteleria-casamortero\/\">Read more<\/a><\/p>","protected":false},"author":1,"featured_media":0,"parent":0,"menu_order":0,"comment_status":"closed","ping_status":"closed","template":"","meta":{"footnotes":""},"class_list":["post-10283","page","type-page","status-publish"],"_links":{"self":[{"href":"https:\/\/casamortero.com\/en\/wp-json\/wp\/v2\/pages\/10283"}],"collection":[{"href":"https:\/\/casamortero.com\/en\/wp-json\/wp\/v2\/pages"}],"about":[{"href":"https:\/\/casamortero.com\/en\/wp-json\/wp\/v2\/types\/page"}],"author":[{"embeddable":true,"href":"https:\/\/casamortero.com\/en\/wp-json\/wp\/v2\/users\/1"}],"replies":[{"embeddable":true,"href":"https:\/\/casamortero.com\/en\/wp-json\/wp\/v2\/comments?post=10283"}],"version-history":[{"count":32,"href":"https:\/\/casamortero.com\/en\/wp-json\/wp\/v2\/pages\/10283\/revisions"}],"predecessor-version":[{"id":13166,"href":"https:\/\/casamortero.com\/en\/wp-json\/wp\/v2\/pages\/10283\/revisions\/13166"}],"wp:attachment":[{"href":"https:\/\/casamortero.com\/en\/wp-json\/wp\/v2\/media?parent=10283"}],"curies":[{"name":"wp","href":"https:\/\/api.w.org\/{rel}","templated":true}]}}