{"id":76,"date":"2020-03-02T17:34:23","date_gmt":"2020-03-02T17:34:23","guid":{"rendered":"https:\/\/casamortero.com\/?page_id=76"},"modified":"2020-09-11T10:43:12","modified_gmt":"2020-09-11T10:43:12","slug":"politica-de-privacidad-y-cookies","status":"publish","type":"page","link":"https:\/\/casamortero.com\/en\/politica-de-privacidad-y-cookies\/","title":{"rendered":"Politica de Privacidad y Cookies"},"content":{"rendered":"<div class=\"wpb-content-wrapper\"><div class=\"vc_row wpb_row vc_row-fluid\" data-lang=\"English\"><div class=\"wpb_column vc_column_container vc_col-sm-12\"><div class=\"vc_column-inner\"><div class=\"wpb_wrapper\">\n\t<div class=\"wpb_text_column wpb_content_element\" >\n\t\t<div class=\"wpb_wrapper\">\n\t\t\t<div class=\"wpb_text_column wpb_content_element vc_custom_1599404725226\">\n<div class=\"wpb_wrapper\">\n<div class=\"container_wrap container_wrap_first main_color fullsize\">\n<div class=\"container\">\n<h2>Pol\u00edtica de privacidad<\/h2>\n<p>GRUPO GASTRON\u00d3MICO SARMIENTO S.L. con CIF B88529862 sito en Calle Zorrilla, 9 , 28014, Madrid es titular del sitio web <a href=\"https:\/\/casamortero.com\/en\/\">https:\/\/www.casamortero.com<\/a> y responsable del tratamiento de los datos de car\u00e1cter personal que los usuarios suministran a trav\u00e9s de este sitio web.<\/p>\n<article class=\"post-entry post-entry-type-page post-entry-2110\">\n<div class=\"entry-content-wrapper clearfix\">\n<div class=\"entry-content\">\n<div>\n<p>GRUPO GASTRON\u00d3MICO SARMIENTO S.L. informa a los usuarios de este sitio web sobre su pol\u00edtica respecto al tratamiento y protecci\u00f3n de los datos de car\u00e1cter personal de los usuarios y clientes que puedan ser recabados por la navegaci\u00f3n y uso de este sitio web.<\/p>\n<p>La finalidad de este documento es informar a los usuarios sobre qu\u00e9 hacemos con sus datos personales, c\u00f3mo se recaban, para qu\u00e9 se utilizan, los derechos que les asisten as\u00ed como toda la informaci\u00f3n necesaria establecida por la normativa vigente.<\/p>\n<p>Al utilizar este sitio web entendemos que ha le\u00eddo y comprendido la informaci\u00f3n que se expone en relaci\u00f3n con el tratamiento de sus datos de car\u00e1cter personal.<\/p>\n<p>Nuestro principal objetivo es tratar los datos personales de una forma l\u00edcita, leal y transparente.<\/p>\n<h2>Datos recabados, finalidad y licitud<\/h2>\n<p>Los datos de car\u00e1cter personal tratados son los aportados por los usuarios a trav\u00e9s de los formularios disponibles en este sitio web y son los m\u00ednimos exigibles para poder enviarle informaci\u00f3n sobre nuestros productos \/ servicios, poder realizar pedidos, as\u00ed como poder elaborar las facturas correspondientes, informar sobre el estado de los pedidos, atender reclamaciones y cualquier otra gesti\u00f3n derivada de la prestaci\u00f3n del servicio realizado a trav\u00e9s de este sitio web.<\/p>\n<p>Dichas finalidades est\u00e1n basadas en principios legales de tratamiento de los datos recogidos por la normativa vigente: para la ejecuci\u00f3n de un contrato o la prestaci\u00f3n de un servicio a los usuarios, para el cumplimiento de obligaciones legales, por el inter\u00e9s leg\u00edtimo y con el consentimiento de los usuarios.<\/p>\n<h2>Datos recabados para la solicitud de informaci\u00f3n a trav\u00e9s del formulario web.<\/h2>\n<p>Los datos personales recabados a trav\u00e9s del formulario web para la petici\u00f3n de informaci\u00f3n tienen como finalidad el env\u00edo de informaci\u00f3n comercial sobre nuestros productos y servicios.<\/p>\n<p>El tratamiento de los datos en este caso concreto est\u00e1 legitimado por el consentimiento expreso que usted nos presta al aceptar el env\u00edo de la informaci\u00f3n aportada a trav\u00e9s del formulario.<\/p>\n<h2>Operaciones que se realizan con los datos personales<\/h2>\n<p>Los datos de car\u00e1cter personal son registrados a trav\u00e9s de la web y conservados en soportes electr\u00f3nicos controlados y supervisados por el responsable del tratamiento.<\/p>\n<p>Usaremos tu informaci\u00f3n personal para los siguientes prop\u00f3sitos:<\/p>\n<ul>\n<li>\u00a0Para ofrecerte tu servicio<\/li>\n<li>Procesar tu pedido y proporcionarte tus productos y servicios<\/li>\n<li>Procesar el pedido de los productos y servicios que nos has comprado y mantenerte informado del progreso de tu pedido.<\/li>\n<li>Proporcionarte el producto o servicio correspondiente. Esto puede incluir servicios de terceros no recogidos en tu contrato con nosotros (por ejemplo, Wirecard o Paypal).<\/li>\n<li>Facturaci\u00f3n y Atenci\u00f3n al Cliente<\/li>\n<li>Para facturarte o cobrarte por el uso de nuestros productos y servicios.<\/li>\n<li>Contactarte si la informaci\u00f3n de facturaci\u00f3n que nos proporcionaste no est\u00e1 actualizada, va a caducar o no podemos aceptar el pago.<\/li>\n<li>Responder a cualquier pregunta o inquietud que puedas tener sobre nuestros productos o servicios<\/li>\n<\/ul>\n<p>Los soportes y medios utilizados cuentan con las medidas t\u00e9cnicas y organizativas necesarias que garantizan la debida confidencialidad en el tratamiento de los datos.<\/p>\n<p>El personal implicado en las operaciones de tratamiento de datos: acceso, edici\u00f3n, borrado, etc\u2026 est\u00e1\u00a0capacitado para ello y est\u00e1 formado y comprometido con nuestra pol\u00edtica de protecci\u00f3n de datos.<\/p>\n<h2>Conservaci\u00f3n de los datos<\/h2>\n<p>Los datos de car\u00e1cter personal se conservar\u00e1n el tiempo que sea necesario para poder atender la finalidad \/ finalidades para los que fueron recabados.<\/p>\n<p>Por lo tanto mantendremos su informaci\u00f3n personal mientras exista una relaci\u00f3n contractual y\/o comercial con usted o mientras usted no ejerza su derecho de supresi\u00f3n, cancelaci\u00f3n y\/o limitaci\u00f3n del tratamiento de sus datos.<\/p>\n<p>En estos casos, mantendremos la informaci\u00f3n debidamente bloqueada, sin darle ning\u00fan uso, mientras pueda ser necesaria para el ejercicio o defensa de reclamaciones o pueda derivarse alg\u00fan tipo de responsabilidad judicial, legal o contractual de su tratamiento, que deba ser atendida y para lo cual sea necesaria su recuperaci\u00f3n.<\/p>\n<h2>Protecci\u00f3n de los menores<\/h2>\n<p>Esta p\u00e1gina web no est\u00e1 dirigida a usuarios menores de edad. Si usted es menor de edad, por favor no intente registrarse como usuario. Si descubrimos que por error hemos obtenido informaci\u00f3n personal de un menor, eliminaremos dicha informaci\u00f3n lo antes posible.<\/p>\n<h2>Destinatarios de sus datos personales<\/h2>\n<p>Informamos a los usuarios de que sus datos personales no ser\u00e1n comunicados a terceros, con la salvedad de que dicha comunicaci\u00f3n de datos est\u00e9 amparada en una obligaci\u00f3n legal o cuando para la correcta prestaci\u00f3n del servicio o la ejecuci\u00f3n del contrato sea necesario comunicar sus datos a otros responsables como pueden ser otras empresas del grupo, encargados del tratamiento.<\/p>\n<p>Para los casos en los que la comunicaci\u00f3n de datos a terceros no est\u00e9 amparada en las bases legales establecidas en el apartado anterior, la comunicaci\u00f3n de datos a otros destinatarios s\u00f3lo se realizar\u00e1 si el usuario ha dado su consentimiento expreso.<\/p>\n<p>GRUPO GASTRON\u00d3MICO SARMIENTO S.L. mantiene unos criterios estrictos de selecci\u00f3n de encargados de tratamiento y se compromete contractualmente con cada uno a cumplir y hacer cumplir las obligaciones establecidas en materia de protecci\u00f3n de datos.<\/p>\n<h2>Ejercicio de los derecho<\/h2>\n<p>De acuerdo con los derechos que confiere la normativa vigente en materia de protecci\u00f3n de datos de car\u00e1cter personal, el usuario podr\u00e1 ejercer los derechos de acceso, rectificaci\u00f3n, limitaci\u00f3n de tratamiento, supresi\u00f3n, portabilidad y oposici\u00f3n al tratamiento de sus datos dirigiendo su petici\u00f3n a la direcci\u00f3n postal indicada o al correo electr\u00f3nico: <a href=\"mailto:info@casamortero.com\">or send an email to info@casamortero.com.<\/a><\/p>\n<p>Para el ejercicio de los derechos deber\u00e1 identificarse mediante la presentaci\u00f3n de su DNI.<\/p>\n<p>Para cualquier reclamaci\u00f3n puede dirigirse al mismo correo indicado. Igualmente podr\u00e1 dirigirse a la Agencia Espa\u00f1ola de Protecci\u00f3n de Datos:\u00a0<a href=\"https:\/\/www.aepd.es\/es\" target=\"_blank\" rel=\"noopener noreferrer\"><span class=\"s1\">www.aepd.es<\/span><\/a><\/p>\n<\/div>\n<h2>Garant\u00eda de Confidencialidad y Seguridad de los datos<\/h2>\n<p>GRUPO GASTRON\u00d3MICO SARMIENTO S.L, en respuesta a la confianza depositada en nosotros y teniendo en cuenta la importancia en materia de protecci\u00f3n y confidencialidad que requieren sus datos personales, les informa que ha adoptado las medidas, t\u00e9cnicas y organizativas, necesarias para garantizar la confidencialidad, disponibilidad, integridad y resiliencias de sus sistemas y servicios de tratamiento. No obstante, el usuario debe ser consciente de que las medidas de seguridad en Internet no son inexpugnables . GRUPO GASTRON\u00d3MICO SARMIENTO S.L se reserva el derecho de modificar su pol\u00edtica de protecci\u00f3n de datos en el supuesto de que exista un cambio de la legislaci\u00f3n vigente, doctrina jurisprudencial o por criterios propios empresariales. Si se introdujese alg\u00fan cambio en esta pol\u00edtica, el nuevo texto se publicar\u00e1 en esta misma direcci\u00f3n.<\/p>\n<h2>Utilizamos Cookies para los siguientes usos:<\/h2>\n<h3>Autenticaci\u00f3n, Personalizaci\u00f3n y Seguridad.<\/h3>\n<p>Las cookies nos ayudan a verificar su Cuenta y dispositivo, y determinar si ha iniciado sesi\u00f3n, a fin de que podamos facilitarle el acceso a los Servicios y ofrecerle experiencias y funciones adecuadas. Asimismo, utilizamos cookies para contribuir a evitar el uso fraudulento de las credenciales de acceso.<\/p>\n<h3>Desempe\u00f1o y An\u00e1lisis.<\/h3>\n<p>Las cookies nos ayudan a analizar la manera en que se accede a los Servicios y se los utiliza, adem\u00e1s de permitirnos llevar a cabo un seguimiento de los Servicios. Por ejemplo, usamos cookies para saber si visit\u00f3 una p\u00e1gina o abri\u00f3 un correo electr\u00f3nico. Esto nos ayuda a brindarle informaci\u00f3n que puede resultarle interesante. Asimismo, usamos cookies para ofrecer informaci\u00f3n en relaci\u00f3n con el desempe\u00f1o de los Usuarios Finales y de Sus Sitios, como vistas de p\u00e1ginas, \u00edndices de conversi\u00f3n, informaci\u00f3n sobre dispositivos, direcciones IP de los visitantes y sitios de referencia.<\/p>\n<h3>Cookies de Terceros.<\/h3>\n<p>Google Analytics, para colaborar con el an\u00e1lisis del desempe\u00f1o. Con el objetivo de ofrecerte la mejor experiencia posible, en Casa Mortero utilizamos Google Analytics, un servicio de anal\u00edtica web de Google, Inc. Google Analytics utiliza cookies para ayudar a analizar el uso que un usuario hace de la Web, y su informaci\u00f3n se transmite y archiva en sus servidores de Estados Unidos. Google usar\u00e1 esta informaci\u00f3n por cuenta de Casa Mortero con el prop\u00f3sito de seguir la pista de su uso de la web, recopilando informes de su actividad y prestando otros servicios relacionados con el uso de Internet. Tambi\u00e9n podr\u00e1 transmitir esta informaci\u00f3n a terceros cuando as\u00ed lo requiera la legislaci\u00f3n o cuando dichos terceros procesen la informaci\u00f3n por cuenta de Google, que no asociar\u00e1 tu direcci\u00f3n IP con ning\u00fan otro dato del que disponga. El uso de las cookies de terceros se rige por la pol\u00edtica de privacidad de los terceros encargados de instalar la cookie.<br \/>\nInhabilitar o desactivar las cookies:<\/p>\n<p>Puedes desactivarlas en cualquier momento modificando las preferencias de tu navegador o inhabilitarlas no aceptando (pulsando \u201cContinuar\u201d) en el aviso que aparece cuando ingresas por primera vez en la Web.<\/p>\n<p>Si haces esto debes saber que pueden verse restringidas algunas funcionalidades, por lo que no podemos asegurar una experiencia de usuario satisfactoria en nuestra Web.<\/p>\n<h3>Hosting y Correo Electr\u00f3nico:<\/h3>\n<p>Por razones t\u00e9cnicas y de calidad de servicio, la Web se encuentra alojado en los servidores de la empresa espa\u00f1ola 1and1 con instalaciones que se ubican en este mismo pa\u00eds y servidores ubicados en Europa y Estados Unidos.<\/p>\n<p>Por este motivo la prestaci\u00f3n del servicio de comunicaciones a trav\u00e9s de correo electr\u00f3nico se efect\u00faa desde las instalaciones de la empresa.<\/p>\n<h3>Env\u00edo de comunicaciones:<\/h3>\n<p>En Casa Mortero tambi\u00e9n utilizamos Mailchimp para la gesti\u00f3n en la creaci\u00f3n y env\u00edo de nuestras comunicaciones.<\/p>\n<p>Esta empresa es de origen estadounidense con instalaciones que se ubican en este mismo pa\u00eds. Mailchimp se encuentra adherida a los principios de \u201cPuerto Seguro\u201d (Safe Harbor), de acuerdo con la Decisi\u00f3n 2000\/520\/CE de la Comisi\u00f3n de 26 de julio de 2000 lo que la convierte en una entidad con un nivel adecuado de protecci\u00f3n a efectos de la LOPD.<\/p>\n<h3>Gesti\u00f3n de reservas:<\/h3>\n<p>Por razones t\u00e9cnicas y de calidad de servicio, la Web gestiona sus reservas a trav\u00e9s del motor de El Tenedor, los datos recabados de los clientes estar\u00e1n as\u00ed mismo alojados en su base de datos.<\/p>\n<p>Puedes informarte de la pol\u00edtica de privacidad de El Tenedor <a href=\"https:\/\/www.eltenedor.es\/legal\">here)<\/a>.<\/p>\n<p>&nbsp;<\/p>\n<\/div>\n<\/div>\n<\/article>\n<\/div>\n<\/div>\n<\/div>\n<\/div>\n\n\t\t<\/div>\n\t<\/div>\n<\/div><\/div><\/div><\/div>\n<\/div>","protected":false},"excerpt":{"rendered":"Pol\u00edtica de privacidad GRUPO GASTRON\u00d3MICO SARMIENTO S.L. con CIF B88529862 sito en Calle Zorrilla, 9 , 28014, Madrid es titular del sitio web https:\/\/www.casamortero.com&hellip;\n <p> <a class=\"more-link\" href=\"https:\/\/casamortero.com\/en\/politica-de-privacidad-y-cookies\/\">Read more<\/a><\/p>","protected":false},"author":1,"featured_media":0,"parent":0,"menu_order":0,"comment_status":"closed","ping_status":"closed","template":"","meta":{"footnotes":""},"class_list":["post-76","page","type-page","status-publish"],"_links":{"self":[{"href":"https:\/\/casamortero.com\/en\/wp-json\/wp\/v2\/pages\/76"}],"collection":[{"href":"https:\/\/casamortero.com\/en\/wp-json\/wp\/v2\/pages"}],"about":[{"href":"https:\/\/casamortero.com\/en\/wp-json\/wp\/v2\/types\/page"}],"author":[{"embeddable":true,"href":"https:\/\/casamortero.com\/en\/wp-json\/wp\/v2\/users\/1"}],"replies":[{"embeddable":true,"href":"https:\/\/casamortero.com\/en\/wp-json\/wp\/v2\/comments?post=76"}],"version-history":[{"count":11,"href":"https:\/\/casamortero.com\/en\/wp-json\/wp\/v2\/pages\/76\/revisions"}],"predecessor-version":[{"id":9539,"href":"https:\/\/casamortero.com\/en\/wp-json\/wp\/v2\/pages\/76\/revisions\/9539"}],"wp:attachment":[{"href":"https:\/\/casamortero.com\/en\/wp-json\/wp\/v2\/media?parent=76"}],"curies":[{"name":"wp","href":"https:\/\/api.w.org\/{rel}","templated":true}]}}