{"id":9245,"date":"2020-09-04T08:58:07","date_gmt":"2020-09-04T08:58:07","guid":{"rendered":"https:\/\/casamortero.com\/?page_id=9245"},"modified":"2026-01-21T09:11:38","modified_gmt":"2026-01-21T09:11:38","slug":"reservas","status":"publish","type":"page","link":"https:\/\/casamortero.com\/en\/reservas\/","title":{"rendered":"Reservations"},"content":{"rendered":"<div class=\"wpb-content-wrapper\"><div class=\"vc_row wpb_row vc_row-fluid vc_custom_1599203441468 vc_row-has-fill\" data-lang=\"English\"><div class=\"wpb_column vc_column_container vc_col-sm-12 vc_col-has-fill\"><div class=\"vc_column-inner vc_custom_1729159635966\"><div class=\"wpb_wrapper\"><div class=\"vc_row wpb_row vc_inner vc_row-fluid vc_custom_1603914624567 vc_row-has-fill\"><div class=\"wpb_column vc_column_container vc_col-sm-12 vc_col-has-fill\"><div class=\"vc_column-inner vc_custom_1729159648089\"><div class=\"wpb_wrapper\"><div class=\"vc_message_box vc_message_box-3d vc_message_box-rounded vc_color-chino vc_do_message\" ><div class=\"vc_message_box-icon\"><i class=\"fas fa-info-circle\"><\/i><\/div><h4 style=\"text-align: center;\">For reservations for 9 or more guests, please call us at 910595570 or send an email to info@casamortero.com <span style=\"color: #800080;\"><span aria-label=\"Llamar al n\u00famero de tel\u00e9fono 910 59 55 70\">910595570 <\/span><\/span><span aria-label=\"Llamar al n\u00famero de tel\u00e9fono 910 59 55 70\">o env\u00eda un mail a<\/span><span style=\"color: #800080;\"><span aria-label=\"Llamar al n\u00famero de tel\u00e9fono 910 59 55 70\"> or send an email to info@casamortero.com.<\/span><\/span><\/h4>\n<\/div>\n\t<div class=\"wpb_text_column wpb_content_element vc_custom_1747996503159\" >\n\t\t<div class=\"wpb_wrapper\">\n\t\t\t<p style=\"text-align: center;\"><span style=\"color: #333333;\">Lunch: <strong>13:15h a 16:00h \/\/ <\/strong><\/span><span style=\"color: #333333;\">Dinner: <strong>20:15h a 23:30h<\/strong><\/span><\/p>\n\n\t\t<\/div>\n\t<\/div>\n\n\t<div class=\"wpb_text_column wpb_content_element vc_custom_1747996626959\" >\n\t\t<div class=\"wpb_wrapper\">\n\t\t\t<p><iframe style=\"width: 100%; min-height: 600px; border: none; overflow: scroll;\" src=\"https:\/\/widget.thefork.com\/1ff0a031-ba3a-4fe1-baca-c554ef1fb61c\"><\/iframe><\/p>\n\n\t\t<\/div>\n\t<\/div>\n\n\t<div class=\"wpb_text_column wpb_content_element\" >\n\t\t<div class=\"wpb_wrapper\">\n\t\t\t\n\t\t<\/div>\n\t<\/div>\n<\/div><\/div><\/div><\/div><div class=\"vc_row wpb_row vc_inner vc_row-fluid\"><div class=\"wpb_column vc_column_container vc_col-sm-12\"><div class=\"vc_column-inner\"><div class=\"wpb_wrapper\"><div class=\"wpb_gmaps_widget wpb_content_element vc_custom_1600675551118\"><div class=\"wpb_wrapper\"><div class=\"wpb_map_wraper\"><iframe loading=\"lazy\" src=\"https:\/\/www.google.com\/maps\/embed?pb=!1m18!1m12!1m3!1d3037.641669800811!2d-3.6994344842817135!3d40.41678827936519!2m3!1f0!2f0!3f0!3m2!1i1024!2i768!4f13.1!3m3!1m2!1s0xd422883dd38dbd9%3A0xdf4a1eb97f6f9430!2sCalle%20de%20Zorrilla%2C%209%2C%2028014%20Madrid!5e0!3m2!1ses!2ses!4v1599216771315!5m2!1ses!2ses\" width=\"600\" height=\"450\" frameborder=\"0\" style=\"border:0;\" allowfullscreen=\"\" aria-hidden=\"false\" tabindex=\"0\"><\/iframe><\/div><\/div><\/div><\/div><\/div><\/div><\/div><div class=\"vc_separator wpb_content_element vc_separator_align_center vc_sep_width_100 vc_sep_pos_align_center vc_separator_no_text vc_sep_color_grey wpb_content_element  wpb_content_element\" ><span class=\"vc_sep_holder vc_sep_holder_l\"><span class=\"vc_sep_line\"><\/span><\/span><span class=\"vc_sep_holder vc_sep_holder_r\"><span class=\"vc_sep_line\"><\/span><\/span>\n<\/div><div class=\"vc_row wpb_row vc_inner vc_row-fluid\"><div class=\"wpb_column vc_column_container vc_col-sm-8\"><div class=\"vc_column-inner\"><div class=\"wpb_wrapper\">\n\t<div class=\"wpb_text_column wpb_content_element\" >\n\t\t<div class=\"wpb_wrapper\">\n\t\t\t<h3><span style=\"color: #808080;\">How to get to Casa Mortero:<\/span><\/h3>\n<ul>\n<li><span style=\"color: #808080;\"><span class=\"\">If you come\u00a0<\/span><span style=\"color: #333333;\"><b class=\"\">by car<\/b><\/span><\/span><span class=\"\" style=\"color: #434343;\"><span style=\"color: #808080;\">\u00a0we are 1 minute walk from the Parking de Cortes (you can see where it is<\/span>\u00a0<\/span><span style=\"color: #db9393;\"><a class=\"\" style=\"color: #db9393;\" href=\"https:\/\/goo.gl\/maps\/9xsbMLXGJgcaJUjD7\"><span class=\"\">here)<\/span><\/a><\/span><span class=\"\" style=\"color: #808080;\">)<\/span><\/li>\n<li class=\"\"><span class=\"\" style=\"color: #808080;\">If you come\u00a0<b class=\"\">by <span style=\"color: #333333;\">Metro<\/span><\/b>\u00a0we are only 3 minutes away from the Sevilla metro and 6 minutes away from the Sol metro.<\/span><\/li>\n<li class=\"\"><span class=\"\" style=\"color: #808080;\">We are 3 minutes away from the Paseo del Prado (near the Thyssen-Bornemisza National Museum) where you will find different <strong><span style=\"color: #333333;\">bus stops.<\/span><\/strong>.<\/span><\/li>\n<li class=\"\"><span class=\"\" style=\"color: #808080;\">Transports such as <b class=\"\"><span style=\"color: #333333;\">Taxi, Cabify, Uber<\/span>&#8230; <\/b>can leave you at the door of Casa Mortero.<\/span><\/li>\n<li><span style=\"color: #808080;\"><span style=\"color: #333333;\"><strong>BiciMad<\/strong> <\/span>has a station 100 metres from the restaurant, in Calle Marqu\u00e9s de Cubas.<\/span><\/li>\n<\/ul>\n\n\t\t<\/div>\n\t<\/div>\n<\/div><\/div><\/div><div class=\"wpb_column vc_column_container vc_col-sm-4\"><div class=\"vc_column-inner\"><div class=\"wpb_wrapper\"><\/div><\/div><\/div><\/div><div class=\"vc_row wpb_row vc_inner vc_row-fluid\"><div class=\"wpb_column vc_column_container vc_col-sm-3\"><div class=\"vc_column-inner\"><div class=\"wpb_wrapper\"><\/div><\/div><\/div><div class=\"wpb_column vc_column_container vc_col-sm-9\"><div class=\"vc_column-inner\"><div class=\"wpb_wrapper\">\n\t<div class=\"wpb_text_column wpb_content_element\" >\n\t\t<div class=\"wpb_wrapper\">\n\t\t\t<p><span style=\"color: #808080;\">Casa Mortero is located exactly behind the <strong><span style=\"color: #333333;\">Congress of Deputies<\/span> in Madrid.<\/strong>.<\/span><\/p>\n<p>Este restaurantes de cocina espa\u00f1ola se encuentra entre barrios c\u00e9ntricos y emblem\u00e1ticos de Madrid: <strong>Barrio Cortes, Letras, Chueca, Lavapi\u00e9s, La Latina y Retiro<\/strong>.<\/p>\n<p><span style=\"color: #808080;\">20 meters from the <span style=\"color: #333333;\"><strong>ICO Museum<\/strong><\/span>, a couple of minutes from the <span style=\"color: #333333;\"><strong>Thyssen-Bornesmisza National Museum<\/strong><\/span>, and just 5 minutes walk away from the <strong><span style=\"color: #333333;\">Prado Museum<\/span>, <\/strong>also just 15 minutes walk away from the<strong><span style=\"color: #333333;\"> Reina Sof\u00eda Museum<\/span>.<\/strong><\/span><\/p>\n<p><span style=\"color: #808080;\">This cozy restaurant is also surrounded by wonderful hotels such as <span style=\"color: #333333;\"><strong>Four Seasons Hotel Madrid, The Westin Palace Madrid, Urban Hotel GL, NH Collection Madrid Suecia, NH Collection Madrid Paseo del Prado, Hotel Villa Real o el Hotel Vincci Soho<\/strong><\/span> among others.<\/span><\/p>\n<p><span style=\"color: #808080;\">En este restaurante preparamos cocina tradicional con una vuelta de tuerca, platos a menudo servidos en su propia olla y en otras ocasiones acompa\u00f1ados por una guarnici\u00f3n que los hace redondos.\u00a0 Uno de los mejores restaurantes de Madrid, con el galard\u00f3n Bib Gourmand de Gu\u00eda Michel\u00edn y Recomendado de Gu\u00eda Repsol.<\/span><\/p>\n<p>Un lugar al que ir a comer si te acercas a Madrid por un viaje de negocios o tal vez\u00a0 por un evento como Madrid Fusi\u00f3n en FITUR, tambi\u00e9n es un buen espacio para el turismo nacional y extranjero, donde probar cocina tradicional espa\u00f1ola modernizada, una Casa de comidas del SXXI.<\/p>\n\n\t\t<\/div>\n\t<\/div>\n<\/div><\/div><\/div><\/div><div class=\"vc_row wpb_row vc_inner vc_row-fluid\"><div class=\"wpb_column vc_column_container vc_col-sm-8\"><div class=\"vc_column-inner\"><div class=\"wpb_wrapper\">\n\t<div class=\"wpb_text_column wpb_content_element\" >\n\t\t<div class=\"wpb_wrapper\">\n\t\t\t<h3><span style=\"color: #808080;\">Spanish press says:<\/span><\/h3>\n<p class=\"article-header__heading article-header__heading--s3 article-header__heading--center\"><a href=\"http:\/\/elespanol.com\/cocinillas\/restaurantes\/20210118\/casa-mortero-nueva-cocina-guisos-brasas-madrid\/1002204839495_31.html\">\"The new cuisine of stews and grilled meet in Madrid\".<\/a><strong>, <\/strong>El Espa\u00f1ol.<\/p>\n<p><a href=\"https:\/\/www.elmundo.es\/metropoli\/gastronomia\/2021\/03\/18\/60508eab21efa005758b4664.html\">\"Taverns to know this spring 2021 in Madrid\"<\/a>, El Mundo.<\/p>\n<p><a href=\"https:\/\/www.elle.com\/es\/living\/elle-gourmet\/a34411386\/casa-mortero-restaurante-cocina-tradicional-brasas-madrid\/\">\"New Spanish restaurant in Madrid to discover and enjoy\"<\/a>, Elle.<\/p>\n<p><a href=\"http:\/\/expansion.com\/fueradeserie\/gastro\/album\/2020\/11\/04\/5f7c6d25468aeb6c4a8b467d_1.html\">\"Restaurants in Madrid you must visit\"<\/a>, Expansi\u00f3n.<\/p>\n<p><a href=\"https:\/\/abcblogs.abc.es\/gastronomia\/restaurantes-espanoles\/tres-nuevas-y-buenas-casas-de-comidas.html\">\"Good and new Spanish restaurants\"<\/a>, ABC.<\/p>\n<p><a href=\"https:\/\/elpais.com\/espana\/madrid\/2020-10-22\/restaurantes-a-domicilio-en-madrid-con-propuestas-diferentes.html\">Take-away cuisine in Madrid, with different proposals\"<\/a>, El Pa\u00eds.<\/p>\n<p><a href=\"https:\/\/www.timeout.es\/madrid\/es\/restaurantes\/casa-mortero\">&#8220;un todo integrado interiorismo, cocina y servicio comparten lenguaje. Para ir muchas veces&#8221;<\/a>, TimeOut.<\/p>\n<p><a href=\"https:\/\/www.gastroeconomy.com\/2020\/09\/casa-mortero-el-bistro-de-guisos-y-brasas-de-pedro-gallego-y-carmen-pereda\/\">&#8220;El bistr\u00f3 de Guisos y Brasas, una Casa de Comidas actualizada&#8221;<\/a> Gastroeconomy.<\/p>\n<p><a href=\"https:\/\/conelmorrofino.com\/casa-mortero-restaurante-madrid\/\">&#8220;Puntos de cocci\u00f3n perfecto, fondos con car\u00e1cter&#8221;<\/a> Con el Morro Fino.<\/p>\n\n\t\t<\/div>\n\t<\/div>\n<\/div><\/div><\/div><div class=\"wpb_column vc_column_container vc_col-sm-4\"><div class=\"vc_column-inner\"><div class=\"wpb_wrapper\"><\/div><\/div><\/div><\/div><\/div><\/div><\/div><\/div>\n<\/div>","protected":false},"excerpt":{"rendered":"Para reservas de 9 o m\u00e1s comensales ll\u00e1manos al n\u00famero: 910595570 o env\u00eda un mail a info@casamortero.com Comida: 13:15h a 16:00h \/\/ Cena: 20:15h&hellip;\n <p> <a class=\"more-link\" href=\"https:\/\/casamortero.com\/en\/reservas\/\">Read more<\/a><\/p>","protected":false},"author":1,"featured_media":0,"parent":0,"menu_order":0,"comment_status":"closed","ping_status":"closed","template":"","meta":{"footnotes":""},"class_list":["post-9245","page","type-page","status-publish"],"_links":{"self":[{"href":"https:\/\/casamortero.com\/en\/wp-json\/wp\/v2\/pages\/9245"}],"collection":[{"href":"https:\/\/casamortero.com\/en\/wp-json\/wp\/v2\/pages"}],"about":[{"href":"https:\/\/casamortero.com\/en\/wp-json\/wp\/v2\/types\/page"}],"author":[{"embeddable":true,"href":"https:\/\/casamortero.com\/en\/wp-json\/wp\/v2\/users\/1"}],"replies":[{"embeddable":true,"href":"https:\/\/casamortero.com\/en\/wp-json\/wp\/v2\/comments?post=9245"}],"version-history":[{"count":97,"href":"https:\/\/casamortero.com\/en\/wp-json\/wp\/v2\/pages\/9245\/revisions"}],"predecessor-version":[{"id":13453,"href":"https:\/\/casamortero.com\/en\/wp-json\/wp\/v2\/pages\/9245\/revisions\/13453"}],"wp:attachment":[{"href":"https:\/\/casamortero.com\/en\/wp-json\/wp\/v2\/media?parent=9245"}],"curies":[{"name":"wp","href":"https:\/\/api.w.org\/{rel}","templated":true}]}}