{"id":9945,"date":"2021-05-11T20:42:32","date_gmt":"2021-05-11T20:42:32","guid":{"rendered":"https:\/\/casamortero.com\/?page_id=9945"},"modified":"2025-10-23T09:35:20","modified_gmt":"2025-10-23T09:35:20","slug":"la-carta","status":"publish","type":"page","link":"https:\/\/casamortero.com\/en\/la-carta\/","title":{"rendered":"Menu"},"content":{"rendered":"<div class=\"wpb-content-wrapper\"><div class=\"vc_row wpb_row vc_row-fluid vc_custom_1665516299339 vc_row-has-fill\" data-lang=\"English\"><div class=\"wpb_column vc_column_container vc_col-sm-12\"><div class=\"vc_column-inner\"><div class=\"wpb_wrapper\"><h1 style=\"font-size: 32px;color: #303030;text-align: left;font-family:Roboto Condensed;font-weight:300;font-style:normal\" class=\"vc_custom_heading vc_do_custom_heading\" >Starters<\/h1><div class=\"vc_separator wpb_content_element vc_separator_align_center vc_sep_width_100 vc_sep_pos_align_left vc_separator_no_text wpb_content_element  wpb_content_element\" ><span class=\"vc_sep_holder vc_sep_holder_l\"><span style=\"border-color:#efece1;\" class=\"vc_sep_line\"><\/span><\/span><span class=\"vc_sep_holder vc_sep_holder_r\"><span style=\"border-color:#efece1;\" class=\"vc_sep_line\"><\/span><\/span>\n<\/div><div class=\"vc_row wpb_row vc_inner vc_row-fluid vc_column-gap-35\"><div class=\"wpb_column vc_column_container vc_col-sm-3 vc_col-sm-offset-0\"><div class=\"vc_column-inner\"><div class=\"wpb_wrapper\">\n\t<div class=\"wpb_text_column wpb_content_element\" >\n\t\t<div class=\"wpb_wrapper\">\n\t\t\t<p><strong><b>Gilda (traditional spanish appetizer with olive and anchovie and green chilli)<\/b>\u2026. 3,50\u20ac\/ud<br \/>\n<\/strong><span style=\"color: #993300;\"><i>(Fish)<\/i><\/span><\/p>\n<p><strong>Creamy croquettes..... <\/strong>15\u20ac<br \/>\n<span style=\"font-weight: 400; color: #808080;\">Made with jam\u00f3n ib\u00e9rico (cured Spanish ham)<\/span><br \/>\nHalf portion.... 12\u20ac<br \/>\n<span style=\"color: #800000;\"><em>(Lactose, egg, gluten)<\/em><\/span><\/p>\n<p><strong>Semicured iberic \u201cpresa\u201d (iberic pork cut) ....<\/strong> 19\u20ac<br \/>\n<span style=\"color: #808080;\"><span style=\"font-weight: 400;\">With \u201cmigas\u201dand mature cheese<\/span><\/span><br \/>\n<span style=\"color: #800000;\"><em>(Mustard, egg, gluten, sulphites)<\/em><\/span><\/p>\n\n\t\t<\/div>\n\t<\/div>\n<\/div><\/div><\/div><div class=\"wpb_column vc_column_container vc_col-sm-3\"><div class=\"vc_column-inner\"><div class=\"wpb_wrapper\">\n\t<div class=\"wpb_text_column wpb_content_element\" >\n\t\t<div class=\"wpb_wrapper\">\n\t\t\t<p><strong>\"Ensaladilla\" Potato salad.... <\/strong>17\u20ac<strong><br \/>\n<\/strong><span style=\"color: #738c38;\"><span style=\"color: #808080;\">With red tuna and \"piparra\" (basque chili pepper)<\/span><\/span><br \/>\n<span style=\"color: #800000;\"><em>(Egg, fish, sesame, sulphites, gluten*)<\/em><\/span><\/p>\n<p><strong>Torrezno&#8230;&#8230;<\/strong> 16\u20ac<br \/>\n<span style=\"font-weight: 400; color: #808080;\">Crunchy pork belly, with mashed potatoes and paprika<\/span><\/p>\n<p><strong>Fried lamb trotters ..... 19<\/strong>\u20ac<br \/>\n<span style=\"color: #738c38;\"><span style=\"color: #808080;\">with garlic soup<\/span><\/span><br \/>\n<span style=\"color: #800000;\"><em>(Sulfites, gluten, egg)<\/em><\/span><\/p>\n\n\t\t<\/div>\n\t<\/div>\n<\/div><\/div><\/div><div class=\"wpb_column vc_column_container vc_col-sm-3\"><div class=\"vc_column-inner\"><div class=\"wpb_wrapper\">\n\t<div class=\"wpb_text_column wpb_content_element\" >\n\t\t<div class=\"wpb_wrapper\">\n\t\t\t<p><strong>Steak Tartar &#8230;&#8230; <\/strong>26\u20ac<br \/>\n<span style=\"color: #738c38;\"><span style=\"color: #808080;\">With roasted peppers sauce<\/span><\/span><br \/>\n<span style=\"color: #800000;\"><em>(Egg*, gluten*, soy*, mustard*, sulphites, fish*)<\/em><\/span><\/p>\n<p><strong>100% Ib\u00e9rico Spanish ham... <\/strong>29\u20ac<br \/>\n<span style=\"color: #808080;\"><span style=\"font-weight: 400;\">100% pure ib\u00e9rico<\/span><\/span><br \/>\n<span style=\"color: #333333;\">Half Portion ... 19\u20ac<\/span><\/p>\n\n\t\t<\/div>\n\t<\/div>\n<\/div><\/div><\/div><div class=\"wpb_column vc_column_container vc_col-sm-3\"><div class=\"vc_column-inner\"><div class=\"wpb_wrapper\"><\/div><\/div><\/div><\/div><h1 style=\"font-size: 32px;color: #303030;text-align: left;font-family:Roboto Condensed;font-weight:300;font-style:normal\" class=\"vc_custom_heading vc_do_custom_heading\" >Marinades<\/h1><div class=\"vc_separator wpb_content_element vc_separator_align_center vc_sep_width_100 vc_sep_pos_align_left vc_separator_no_text wpb_content_element  wpb_content_element\" ><span class=\"vc_sep_holder vc_sep_holder_l\"><span style=\"border-color:#efece1;\" class=\"vc_sep_line\"><\/span><\/span><span class=\"vc_sep_holder vc_sep_holder_r\"><span style=\"border-color:#efece1;\" class=\"vc_sep_line\"><\/span><\/span>\n<\/div><div class=\"vc_row wpb_row vc_inner vc_row-fluid\"><div class=\"wpb_column vc_column_container vc_col-sm-3\"><div class=\"vc_column-inner\"><div class=\"wpb_wrapper\">\n\t<div class=\"wpb_text_column wpb_content_element\" >\n\t\t<div class=\"wpb_wrapper\">\n\t\t\t<p><strong>Marinated red tuna ...<\/strong>9\u20ac\/ unit<br \/>\n<span style=\"font-weight: 400; color: #808080;\">With smoked green onion and snow peas<\/span><br \/>\n<span style=\"font-weight: 400; color: #800000;\"><em>(Fish, sulphites, soy)<\/em><\/span><\/p>\n\n\t\t<\/div>\n\t<\/div>\n<\/div><\/div><\/div><div class=\"wpb_column vc_column_container vc_col-sm-3 vc_col-sm-offset-0\"><div class=\"vc_column-inner\"><div class=\"wpb_wrapper\">\n\t<div class=\"wpb_text_column wpb_content_element\" >\n\t\t<div class=\"wpb_wrapper\">\n\t\t\t<p><strong>Pickled oyster\u00a0 <\/strong>&#8230;. 5\u20ac\/ud<br \/>\n<span style=\"font-weight: 400; color: #808080;\">With spanish chilly pepper<\/span><br \/>\n<span style=\"color: #800000;\"><em>(Mollusks, sulphites)<\/em><\/span><\/p>\n\n\t\t<\/div>\n\t<\/div>\n<\/div><\/div><\/div><div class=\"wpb_column vc_column_container vc_col-sm-3\"><div class=\"vc_column-inner\"><div class=\"wpb_wrapper\">\n\t<div class=\"wpb_text_column wpb_content_element\" >\n\t\t<div class=\"wpb_wrapper\">\n\t\t\t<p><strong>Chiken pickled <\/strong>&#8230;. 6\u20ac\/ud<br \/>\n<span style=\"font-weight: 400; color: #808080;\">On grilled lettuce head and walnuts<\/span><br \/>\n<span style=\"color: #800000;\"><em>(Sulfites, nuts)<\/em><\/span><\/p>\n\n\t\t<\/div>\n\t<\/div>\n<\/div><\/div><\/div><div class=\"wpb_column vc_column_container vc_col-sm-3\"><div class=\"vc_column-inner\"><div class=\"wpb_wrapper\">\n\t<div class=\"wpb_text_column wpb_content_element\" >\n\t\t<div class=\"wpb_wrapper\">\n\t\t\t<p><strong>Pickled mussels <\/strong>&#8230;. 13\u20ac<br \/>\n<span style=\"color: #808080;\">Home made with vegetables<\/span><br \/>\n<span style=\"color: #800000;\"><em>(Molluscs, sulphites)<\/em><\/span><\/p>\n\n\t\t<\/div>\n\t<\/div>\n<\/div><\/div><\/div><\/div><div class=\"vc_empty_space\"   style=\"height: 48px\"><span class=\"vc_empty_space_inner\"><\/span><\/div><h1 style=\"font-size: 32px;color: #303030;text-align: left;font-family:Roboto Condensed;font-weight:300;font-style:normal\" class=\"vc_custom_heading vc_do_custom_heading\" >Stews<\/h1><div class=\"vc_separator wpb_content_element vc_separator_align_center vc_sep_width_100 vc_sep_pos_align_left vc_separator_no_text wpb_content_element  wpb_content_element\" ><span class=\"vc_sep_holder vc_sep_holder_l\"><span style=\"border-color:#efece1;\" class=\"vc_sep_line\"><\/span><\/span><span class=\"vc_sep_holder vc_sep_holder_r\"><span style=\"border-color:#efece1;\" class=\"vc_sep_line\"><\/span><\/span>\n<\/div><div class=\"vc_row wpb_row vc_inner vc_row-fluid\"><div class=\"wpb_column vc_column_container vc_col-sm-3\"><div class=\"vc_column-inner\"><div class=\"wpb_wrapper\">\n\t<div class=\"wpb_text_column wpb_content_element\" >\n\t\t<div class=\"wpb_wrapper\">\n\t\t\t<p><strong>Beef meatballs.... <\/strong>24\u20ac<strong><br \/>\n<span style=\"font-weight: 400; color: #808080;\">With Iberian sauce and fried peppers<\/span><br \/>\n<\/strong><span style=\"color: #800000;\"><em>(Egg, gluten, sulphites, nuts)<\/em><\/span><\/p>\n<p><strong>Tripe stew\u2026\u2026 <\/strong>19\u20ac<br \/>\n<span style=\"font-weight: 400; color: #808080;\">With pork leg and snout and deeply cured salt beef<\/span><br \/>\n<span style=\"color: #800000;\"><em>(Sulphites)<\/em><\/span><\/p>\n\n\t\t<\/div>\n\t<\/div>\n<\/div><\/div><\/div><div class=\"wpb_column vc_column_container vc_col-sm-3\"><div class=\"vc_column-inner\"><div class=\"wpb_wrapper\">\n\t<div class=\"wpb_text_column wpb_content_element\" >\n\t\t<div class=\"wpb_wrapper\">\n\t\t\t<p><b>Lentil stew with wild boar tenderloin ..... 22\u20ac<\/b><br \/>\n<span style=\"color: #808080;\">And garlic mushrooms<\/span><br \/>\n<span style=\"color: #800000;\"><em>(Sulfites, soy<\/em><i>)<\/i><\/span><\/p>\n<p><strong>Duck rice<\/strong>\u00a0&#8230;..24\u20ac<strong><br \/>\n<span style=\"font-weight: 400; color: #808080;\">With green asparagus and creamy cheese<\/span><br \/>\n<\/strong><span style=\"color: #800000;\"><em>(Sulphites, lactose*)<\/em><\/span><\/p>\n\n\t\t<\/div>\n\t<\/div>\n<\/div><\/div><\/div><div class=\"wpb_column vc_column_container vc_col-sm-3\"><div class=\"vc_column-inner\"><div class=\"wpb_wrapper\">\n\t<div class=\"wpb_text_column wpb_content_element\" >\n\t\t<div class=\"wpb_wrapper\">\n\t\t\t<p><strong>Stewed oxtail...... <\/strong>43\u20ac\/personas<strong><br \/>\n<span style=\"font-weight: 400; color: #808080;\">With \"oloroso\" wine sauce<\/span><\/strong><br \/>\n1 person portion .... 26\u20ac<strong><br \/>\n<\/strong><span style=\"color: #800000;\"><em>(Sulphites)<\/em><\/span><\/p>\n<p><strong>White beans with clams <\/strong>&#8230;. 24\u20ac<br \/>\n<span style=\"font-weight: 400; color: #808080;\">With fried artichoke<\/span><br \/>\n<span style=\"color: #800000;\"><em>(Mollusks, sulphites, lactose)<\/em><\/span><\/p>\n\n\t\t<\/div>\n\t<\/div>\n<\/div><\/div><\/div><div class=\"wpb_column vc_column_container vc_col-sm-3\"><div class=\"vc_column-inner\"><div class=\"wpb_wrapper\">\n\t<div class=\"wpb_text_column wpb_content_element\" >\n\t\t<div class=\"wpb_wrapper\">\n\t\t\t<p><strong>\u201cVerdina\u201d beans with amberjack fish <\/strong>&#8230;. 24\u20ac<br \/>\n<span style=\"font-weight: 400; color: #808080;\">And winter vegetable ragout<\/span><br \/>\n<span style=\"color: #800000;\"><em>(Gluten, lactose, fish, soy)<\/em><\/span><\/p>\n<p><strong>Potatoes \u201cimportancia\u201d with cod cheeks <\/strong>&#8230;. 21\u20ac<br \/>\n<span style=\"font-weight: 400; color: #808080;\">fried egg, and cured pork jowls<\/span><br \/>\n<span style=\"color: #800000;\"><em>(Gluten, fish, sulfites, egg)<\/em><\/span><\/p>\n\n\t\t<\/div>\n\t<\/div>\n<\/div><\/div><\/div><\/div><div class=\"vc_empty_space\"   style=\"height: 48px\"><span class=\"vc_empty_space_inner\"><\/span><\/div><h1 style=\"font-size: 32px;color: #303030;text-align: left;font-family:Roboto Condensed;font-weight:300;font-style:normal\" class=\"vc_custom_heading vc_do_custom_heading\" >From the grill<\/h1><div class=\"vc_separator wpb_content_element vc_separator_align_center vc_sep_width_100 vc_sep_pos_align_left vc_separator_no_text wpb_content_element  wpb_content_element\" ><span class=\"vc_sep_holder vc_sep_holder_l\"><span style=\"border-color:#efece1;\" class=\"vc_sep_line\"><\/span><\/span><span class=\"vc_sep_holder vc_sep_holder_r\"><span style=\"border-color:#efece1;\" class=\"vc_sep_line\"><\/span><\/span>\n<\/div><div class=\"vc_row wpb_row vc_inner vc_row-fluid\"><div class=\"wpb_column vc_column_container vc_col-sm-3\"><div class=\"vc_column-inner\"><div class=\"wpb_wrapper\">\n\t<div class=\"wpb_text_column wpb_content_element\" >\n\t\t<div class=\"wpb_wrapper\">\n\t\t\t<p><strong>Pork shoulder skewer (100% iberic pork)<\/strong>&#8230;&#8230; 21\u20ac<strong><br \/>\n<span style=\"font-weight: 400; color: #808080;\">With grilled frisee endive<\/span><\/strong><br \/>\nHalf portion.... 12\u20ac<br \/>\n<span style=\"color: #800000;\"><em>(Sulphites)<\/em><\/span><\/p>\n<p><strong>Aged beef loin..... <\/strong>29\u20ac<br \/>\n<span style=\"font-weight: 400; color: #808080;\">With chimichurri<\/span><br \/>\n<span style=\"color: #808080;\">400g de carne madurada 30 d\u00edas<\/span><br \/>\n<span style=\"color: #800000;\"><em>(fish*, sulphites*, gluten*)<br \/>\n<\/em><\/span><\/p>\n<p><strong>Beef sweetbreads.... <\/strong>25\u20ac<br \/>\n<span style=\"font-weight: 400; color: #808080;\">With pickled cabbage and quince sauce<\/span><br \/>\n<span style=\"color: #800000;\"><em>(Sulphites, fish*, soya*, gluten*, sesame*, lactose*)<\/em><\/span><\/p>\n\n\t\t<\/div>\n\t<\/div>\n<\/div><\/div><\/div><div class=\"wpb_column vc_column_container vc_col-sm-3\"><div class=\"vc_column-inner\"><div class=\"wpb_wrapper\">\n\t<div class=\"wpb_text_column wpb_content_element\" >\n\t\t<div class=\"wpb_wrapper\">\n\t\t\t<p><strong>Aged beef Ribeye....<\/strong> 49\u20ac<br \/>\n<span style=\"font-weight: 400; color: #808080;\">With chimichurri<\/span><br \/>\n<span style=\"color: #800000;\"><em>(Sulphites, gluten*, fish*)<\/em><\/span><br \/>\n<span style=\"font-weight: 400; color: #808080;\">400g de carne madurada 35 d\u00edas<\/span><\/p>\n<p><strong>Roasted baby squids.... <\/strong>24\u20ac<br \/>\n<span style=\"font-weight: 400; color: #808080;\">With vegetables and black alioli<\/span><br \/>\n<span style=\"color: #800000;\"><em>(Mollusks, gluten*, pescado, lactose)<\/em><\/span><\/p>\n\n\t\t<\/div>\n\t<\/div>\n<\/div><\/div><\/div><div class=\"wpb_column vc_column_container vc_col-sm-3\"><div class=\"vc_column-inner\"><div class=\"wpb_wrapper\">\n\t<div class=\"wpb_text_column wpb_content_element\" >\n\t\t<div class=\"wpb_wrapper\">\n\t\t\t<p><strong>Roasted monkfish....<\/strong> 48\u20ac\/2 personas<br \/>\n<span style=\"font-weight: 400; color: #808080;\">With roasted potato and \u201cbilba\u00edna\u201d sauce<\/span><br \/>\n<span style=\"color: #800000;\"><em>(Pescado, sulfitos)<\/em><\/span><\/p>\n<p><strong>Grilled Cod.....<\/strong> 27\u20ac<br \/>\n<span style=\"font-weight: 400; color: #808080;\">With stewed vegetables and \"vizca\u00edna\" sauce<\/span><br \/>\n<span style=\"color: #800000;\"><i>(Sulfitos, pescado)<\/i><\/span><\/p>\n\n\t\t<\/div>\n\t<\/div>\n<\/div><\/div><\/div><div class=\"wpb_column vc_column_container vc_col-sm-3\"><div class=\"vc_column-inner\"><div class=\"wpb_wrapper\">\n\t<div class=\"wpb_text_column wpb_content_element\" >\n\t\t<div class=\"wpb_wrapper\">\n\t\t\t<p><strong>Grilled turbot...... <\/strong>29\u20ac<br \/>\n<span style=\"font-weight: 400; color: #808080;\">With roasted potato<\/span><br \/>\n<span style=\"color: #800000;\"><em>(Pescado, sulfitos)<\/em><\/span><\/p>\n\n\t\t<\/div>\n\t<\/div>\n<\/div><\/div><\/div><\/div><div class=\"vc_empty_space\"   style=\"height: 48px\"><span class=\"vc_empty_space_inner\"><\/span><\/div><h1 style=\"font-size: 32px;color: #303030;text-align: left;font-family:Roboto Condensed;font-weight:300;font-style:normal\" class=\"vc_custom_heading vc_do_custom_heading\" >Side Dishes<\/h1><div class=\"vc_separator wpb_content_element vc_separator_align_center vc_sep_width_100 vc_sep_pos_align_left vc_separator_no_text wpb_content_element  wpb_content_element\" ><span class=\"vc_sep_holder vc_sep_holder_l\"><span style=\"border-color:#efece1;\" class=\"vc_sep_line\"><\/span><\/span><span class=\"vc_sep_holder vc_sep_holder_r\"><span style=\"border-color:#efece1;\" class=\"vc_sep_line\"><\/span><\/span>\n<\/div><div class=\"vc_row wpb_row vc_inner vc_row-fluid\"><div class=\"wpb_column vc_column_container vc_col-sm-3\"><div class=\"vc_column-inner\"><div class=\"wpb_wrapper\">\n\t<div class=\"wpb_text_column wpb_content_element\" >\n\t\t<div class=\"wpb_wrapper\">\n\t\t\t<p><strong>French fries<\/strong>&#8230;.. 6\u20ac<\/p>\n<p><strong>Fried \"padr\u00f3n\" peppers<\/strong>&#8230;.. 6\u20ac<\/p>\n\n\t\t<\/div>\n\t<\/div>\n<\/div><\/div><\/div><div class=\"wpb_column vc_column_container vc_col-sm-3\"><div class=\"vc_column-inner\"><div class=\"wpb_wrapper\">\n\t<div class=\"wpb_text_column wpb_content_element\" >\n\t\t<div class=\"wpb_wrapper\">\n\t\t\t<p><strong>Grilled \"piquillo\" peppers<\/strong>&#8230; 7\u20ac<\/p>\n<p><strong>Grilled Cherry tomatoes <\/strong>&#8230;&#8230; 6\u20ac<\/p>\n\n\t\t<\/div>\n\t<\/div>\n<\/div><\/div><\/div><div class=\"wpb_column vc_column_container vc_col-sm-3\"><div class=\"vc_column-inner\"><div class=\"wpb_wrapper\">\n\t<div class=\"wpb_text_column wpb_content_element\" >\n\t\t<div class=\"wpb_wrapper\">\n\t\t\t<p><strong>Grilled frisee endive....<\/strong> 6\u20ac<\/p>\n<p><strong>Grilled squash ...<\/strong> 6\u20ac<\/p>\n\n\t\t<\/div>\n\t<\/div>\n<\/div><\/div><\/div><div class=\"wpb_column vc_column_container vc_col-sm-3\"><div class=\"vc_column-inner\"><div class=\"wpb_wrapper\">\n\t<div class=\"wpb_text_column wpb_content_element\" >\n\t\t<div class=\"wpb_wrapper\">\n\t\t\t<p><strong>Grilled cauliflower<\/strong>&#8230;.. 6\u20ac<br \/>\n<span style=\"color: #800000;\"><em>(S\u00e9samo)<\/em><\/span><\/p>\n\n\t\t<\/div>\n\t<\/div>\n<\/div><\/div><\/div><\/div><div class=\"vc_empty_space\"   style=\"height: 48px\"><span class=\"vc_empty_space_inner\"><\/span><\/div><h1 style=\"font-size: 32px;color: #303030;text-align: left;font-family:Roboto Condensed;font-weight:300;font-style:normal\" class=\"vc_custom_heading vc_do_custom_heading\" >Desserts<\/h1><div class=\"vc_separator wpb_content_element vc_separator_align_center vc_sep_width_100 vc_sep_pos_align_left vc_separator_no_text wpb_content_element  wpb_content_element\" ><span class=\"vc_sep_holder vc_sep_holder_l\"><span style=\"border-color:#efece1;\" class=\"vc_sep_line\"><\/span><\/span><span class=\"vc_sep_holder vc_sep_holder_r\"><span style=\"border-color:#efece1;\" class=\"vc_sep_line\"><\/span><\/span>\n<\/div><div class=\"vc_row wpb_row vc_inner vc_row-fluid\"><div class=\"wpb_column vc_column_container vc_col-sm-3\"><div class=\"vc_column-inner\"><div class=\"wpb_wrapper\">\n\t<div class=\"wpb_text_column wpb_content_element\" >\n\t\t<div class=\"wpb_wrapper\">\n\t\t\t<p><strong>Cheesecake <\/strong>&#8230;.. 8\u20ac<br \/>\n<span style=\"font-weight: 400; color: #808080;\">with Toffe ice cream<\/span><br \/>\n<span style=\"color: #800000;\"><em>(Lactose, gluten, egg, nuts, soy)<\/em><\/span><\/p>\n<p><strong>Berries<\/strong>&#8230;.. 7,50\u20ac<br \/>\n<span style=\"font-weight: 400; color: #808080;\">With mint soup and yogurth ice cream<\/span><br \/>\n<span style=\"color: #800000;\"><em>(Lactose)<\/em><\/span><\/p>\n\n\t\t<\/div>\n\t<\/div>\n<\/div><\/div><\/div><div class=\"wpb_column vc_column_container vc_col-sm-3\"><div class=\"vc_column-inner\"><div class=\"wpb_wrapper\">\n\t<div class=\"wpb_text_column wpb_content_element\" >\n\t\t<div class=\"wpb_wrapper\">\n\t\t\t<p><strong>Toasted milk flan<\/strong>&#8230;&#8230; 7,50\u20ac<br \/>\n<span style=\"font-weight: 400; color: #808080;\">With extra virgin olive oil<\/span><br \/>\n<span style=\"color: #800000;\"><em>(Huevo, lactosa)<\/em><\/span><\/p>\n<p><strong>Caramelized french toast <\/strong>&#8230;&#8230; 8\u20ac<strong><br \/>\n<span style=\"font-weight: 400; color: #808080;\">With house made apple jam and biscuit ice cream<\/span><br \/>\n<\/strong><span style=\"color: #800000;\"><em>(Gluten, lactose, egg)<\/em><\/span><\/p>\n\n\t\t<\/div>\n\t<\/div>\n<\/div><\/div><\/div><div class=\"wpb_column vc_column_container vc_col-sm-3\"><div class=\"vc_column-inner\"><div class=\"wpb_wrapper\">\n\t<div class=\"wpb_text_column wpb_content_element\" >\n\t\t<div class=\"wpb_wrapper\">\n\t\t\t<p><strong>Chocolate with bread <\/strong>&#8230;.. 7,50\u20ac<br \/>\n<span style=\"font-weight: 400; color: #808080;\">with Extra Virgin Olive Oil and salt<\/span><br \/>\n<span style=\"color: #800000;\"><em>(Gluten, lactose, nuts, soy, egg, peanut, sulphites, sesame, mustard)<\/em><\/span><\/p>\n<p><strong>Cheese selection plate... <\/strong>19\u20ac<br \/>\n<span style=\"font-weight: 400; color: #808080;\">Spanish handmade cheeses<\/span><br \/>\n<span style=\"font-weight: 400; color: #000000;\">Half plate ... 11\u20ac<\/span><br \/>\n<span style=\"color: #800000;\"><em>(Lactose, nuts*, gluten*)<\/em><\/span><\/p>\n\n\t\t<\/div>\n\t<\/div>\n<\/div><\/div><\/div><div class=\"wpb_column vc_column_container vc_col-sm-3\"><div class=\"vc_column-inner\"><div class=\"wpb_wrapper\"><\/div><\/div><\/div><\/div>\n\t<div class=\"wpb_text_column wpb_content_element vc_custom_1747804070648\" >\n\t\t<div class=\"wpb_wrapper\">\n\t\t\t<p><span style=\"color: #800000;\"><em>*These allergens can be removed from the dish<\/em><\/span><\/p>\n\n\t\t<\/div>\n\t<\/div>\n<div class=\"vc_empty_space\"   style=\"height: 100px\"><span class=\"vc_empty_space_inner\"><\/span><\/div><\/div><\/div><\/div><\/div>\n<\/div>","protected":false},"excerpt":{"rendered":"Tentempi\u00e9s Gilda\u2026. 3,50\u20ac\/ud (Pescados) Croquetas cremosas...... 15\u20ac De jam\u00f3n ib\u00e9rico media raci\u00f3n...... 12\u20ac (Lactosa, huevos, gluten) Presa ib\u00e9rica semicurada...... 19\u20ac Con migas del pastor&hellip;\n <p> <a class=\"more-link\" href=\"https:\/\/casamortero.com\/en\/la-carta\/\">Read more<\/a><\/p>","protected":false},"author":1,"featured_media":0,"parent":0,"menu_order":0,"comment_status":"closed","ping_status":"closed","template":"","meta":{"footnotes":""},"class_list":["post-9945","page","type-page","status-publish"],"_links":{"self":[{"href":"https:\/\/casamortero.com\/en\/wp-json\/wp\/v2\/pages\/9945"}],"collection":[{"href":"https:\/\/casamortero.com\/en\/wp-json\/wp\/v2\/pages"}],"about":[{"href":"https:\/\/casamortero.com\/en\/wp-json\/wp\/v2\/types\/page"}],"author":[{"embeddable":true,"href":"https:\/\/casamortero.com\/en\/wp-json\/wp\/v2\/users\/1"}],"replies":[{"embeddable":true,"href":"https:\/\/casamortero.com\/en\/wp-json\/wp\/v2\/comments?post=9945"}],"version-history":[{"count":129,"href":"https:\/\/casamortero.com\/en\/wp-json\/wp\/v2\/pages\/9945\/revisions"}],"predecessor-version":[{"id":11993,"href":"https:\/\/casamortero.com\/en\/wp-json\/wp\/v2\/pages\/9945\/revisions\/11993"}],"wp:attachment":[{"href":"https:\/\/casamortero.com\/en\/wp-json\/wp\/v2\/media?parent=9945"}],"curies":[{"name":"wp","href":"https:\/\/api.w.org\/{rel}","templated":true}]}}